{"id":115,"date":"2020-09-01T09:54:52","date_gmt":"2020-09-01T07:54:52","guid":{"rendered":"https:\/\/bm.cm.umk.pl\/en\/?page_id=115"},"modified":"2025-01-13T07:14:36","modified_gmt":"2025-01-13T06:14:36","slug":"address","status":"publish","type":"page","link":"https:\/\/bm.cm.umk.pl\/en\/general-informations\/address\/","title":{"rendered":"Address"},"content":{"rendered":"\n<p>Medical Library<br>Nicolaus Copernicus University<br>Ludwik Rydygier Collegium Medicum<br>M. Sklodowskiej-Curie 9<br>85-094 Bydgoszcz<br>Poland<\/p>\n\n\n\n<p>phone +48 52 585-3511<br>fax +48 52 585-3505<br><span class=\"enc-link\" data-label=\"ZS1tYWlsOg==\" data-item=\"c2VrcmV0LmJpYmxpb0BjbS51bWsucGw=\">#u k r y t y a d r e s#<\/span>\n<br><a href=\"\" target=\"_blank\" rel=\"noreferrer noopener\">Facebook<\/a><\/p>\n\n\n\n<p>The Medical Library of Collegium Medicum NCU is located within the complex of the dr. Antoni Jurasz University Hospital in the auditorium building, next to the so-called new Pathomorphology. You can get to the hospital complex both from ul. M. Sk\u0142odowskiej-Curie, ul. Jurasza and ul. Powsta\u0144c\u00f3w Wielkopolskich, although the closest to the building of the Medical Library is from ul. Powsta\u0144c\u00f3w Wielkopolskich.<\/p>\n\n\n\n<iframe loading=\"lazy\" src=\"\/en\/wp-content\/multi\/mapa.html\" width=\"100%\" height=\"650\"><\/iframe>\n\n\n<div class=\"wp-block-image\">\n<figure class=\"aligncenter size-large\"><img loading=\"lazy\" decoding=\"async\" width=\"1024\" height=\"768\" src=\"https:\/\/bm.cm.umk.pl\/en\/wp-content\/uploads\/2020\/09\/SH101135-1024x768.jpg\" alt=\"\" class=\"wp-image-117\" srcset=\"https:\/\/bm.cm.umk.pl\/en\/wp-content\/uploads\/2020\/09\/SH101135-1024x768.jpg 1024w, https:\/\/bm.cm.umk.pl\/en\/wp-content\/uploads\/2020\/09\/SH101135-300x225.jpg 300w, https:\/\/bm.cm.umk.pl\/en\/wp-content\/uploads\/2020\/09\/SH101135-768x576.jpg 768w, https:\/\/bm.cm.umk.pl\/en\/wp-content\/uploads\/2020\/09\/SH101135-1536x1152.jpg 1536w, https:\/\/bm.cm.umk.pl\/en\/wp-content\/uploads\/2020\/09\/SH101135-2048x1536.jpg 2048w\" sizes=\"auto, (max-width: 1024px) 100vw, 1024px\" \/><\/figure>\n<\/div>","protected":false},"excerpt":{"rendered":"<p>Medical LibraryNicolaus Copernicus UniversityLudwik Rydygier Collegium MedicumM. Sklodowskiej-Curie 985-094 BydgoszczPoland phone +48 52 585-3511fax +48 52 585-3505#u k r y t y a d r e s# Facebook The Medical Library of Collegium Medicum NCU is located within the complex of the dr. Antoni Jurasz University Hospital in the auditorium building, next to the so-called &#8230; <a title=\"Address\" class=\"read-more\" href=\"https:\/\/bm.cm.umk.pl\/en\/general-informations\/address\/\" aria-label=\"Read more about Address\">Read more<\/a><\/p>\n","protected":false},"author":4,"featured_media":0,"parent":104,"menu_order":0,"comment_status":"closed","ping_status":"closed","template":"","meta":{"footnotes":""},"class_list":["post-115","page","type-page","status-publish"],"_links":{"self":[{"href":"https:\/\/bm.cm.umk.pl\/en\/wp-json\/wp\/v2\/pages\/115","targetHints":{"allow":["GET"]}}],"collection":[{"href":"https:\/\/bm.cm.umk.pl\/en\/wp-json\/wp\/v2\/pages"}],"about":[{"href":"https:\/\/bm.cm.umk.pl\/en\/wp-json\/wp\/v2\/types\/page"}],"author":[{"embeddable":true,"href":"https:\/\/bm.cm.umk.pl\/en\/wp-json\/wp\/v2\/users\/4"}],"replies":[{"embeddable":true,"href":"https:\/\/bm.cm.umk.pl\/en\/wp-json\/wp\/v2\/comments?post=115"}],"version-history":[{"count":0,"href":"https:\/\/bm.cm.umk.pl\/en\/wp-json\/wp\/v2\/pages\/115\/revisions"}],"up":[{"embeddable":true,"href":"https:\/\/bm.cm.umk.pl\/en\/wp-json\/wp\/v2\/pages\/104"}],"wp:attachment":[{"href":"https:\/\/bm.cm.umk.pl\/en\/wp-json\/wp\/v2\/media?parent=115"}],"curies":[{"name":"wp","href":"https:\/\/api.w.org\/{rel}","templated":true}]}}