{"id":629,"date":"2023-03-24T11:05:07","date_gmt":"2023-03-24T10:05:07","guid":{"rendered":"https:\/\/bm.cm.umk.pl\/en\/?page_id=629"},"modified":"2023-03-24T11:05:07","modified_gmt":"2023-03-24T10:05:07","slug":"printouts-only-cash","status":"publish","type":"page","link":"https:\/\/bm.cm.umk.pl\/en\/printouts-only-cash\/","title":{"rendered":"Printouts (only cash)"},"content":{"rendered":"\n<p>A reminder that printouts in the Information Room can only be paid for in cash.<\/p>\n\n\n\n<p>Printouts:<br>A4 single-sided \u2013 0.40 z\u0142.<br>A4 double-sided \u2013 0.70 z\u0142.<br>A4 colour single-sided- 1.00 z\u0142.<br>A4 colour double-sided- 1.80 z\u0142.<\/p>\n","protected":false},"excerpt":{"rendered":"<p>A reminder that printouts in the Information Room can only be paid for in cash. Printouts:A4 single-sided \u2013 0.40 z\u0142.A4 double-sided \u2013 0.70 z\u0142.A4 colour single-sided- 1.00 z\u0142.A4 colour double-sided- 1.80 z\u0142.<\/p>\n","protected":false},"author":4,"featured_media":0,"parent":0,"menu_order":0,"comment_status":"closed","ping_status":"closed","template":"","meta":{"footnotes":""},"class_list":["post-629","page","type-page","status-publish"],"_links":{"self":[{"href":"https:\/\/bm.cm.umk.pl\/en\/wp-json\/wp\/v2\/pages\/629","targetHints":{"allow":["GET"]}}],"collection":[{"href":"https:\/\/bm.cm.umk.pl\/en\/wp-json\/wp\/v2\/pages"}],"about":[{"href":"https:\/\/bm.cm.umk.pl\/en\/wp-json\/wp\/v2\/types\/page"}],"author":[{"embeddable":true,"href":"https:\/\/bm.cm.umk.pl\/en\/wp-json\/wp\/v2\/users\/4"}],"replies":[{"embeddable":true,"href":"https:\/\/bm.cm.umk.pl\/en\/wp-json\/wp\/v2\/comments?post=629"}],"version-history":[{"count":0,"href":"https:\/\/bm.cm.umk.pl\/en\/wp-json\/wp\/v2\/pages\/629\/revisions"}],"wp:attachment":[{"href":"https:\/\/bm.cm.umk.pl\/en\/wp-json\/wp\/v2\/media?parent=629"}],"curies":[{"name":"wp","href":"https:\/\/api.w.org\/{rel}","templated":true}]}}